{"id":376,"date":"2020-10-21T12:49:52","date_gmt":"2020-10-21T10:49:52","guid":{"rendered":"https:\/\/www.inderach.com\/?page_id=376"},"modified":"2020-10-21T15:14:15","modified_gmt":"2020-10-21T13:14:15","slug":"avis-legal","status":"publish","type":"page","link":"https:\/\/www.inderach.com\/cast\/avis-legal\/","title":{"rendered":"Aviso legal"},"content":{"rendered":"\n<p>Con el fin de cumplir con el art\u00edculo 10 de la Ley 34\/2002 de Servicios de la Sociedad de la Informaci\u00f3n y Comercio Electr\u00f3nico, informamos a los usuarios de nuestros datos:<\/p>\n\n\n\n<p>Nombre Corporativo: INDERACH S.L.<\/p>\n\n\n\n<p>Domicilio social: Calle Narc\u00eds Monturiol, almac\u00e9n 6 parcela 15-21 \u2013 La Pobla de Claramunt (Barcelona)<\/p>\n\n\n\n<p>NIF: B59970418<br>Tel\u00e9fono: 93 805 04 60<\/p>\n\n\n\n<p>Correo electr\u00f3nico: inderach@inderach.com<\/p>\n\n\n\n<p>Sitio web: www.inderach.com<\/p>\n\n\n\n<p><strong>1.- OBJETO<\/strong><\/p>\n\n\n\n<p>INDERACH S.L. (en adelante tambi\u00e9n el prestador) como responsable del sitio web, pone a disposici\u00f3n de los usuarios este documento que regula el uso del sitio web www.inderach.com,conel que pretendemos cumplir con las obligaciones establecidas en la Ley34\/2002, de Servicios de la Sociedad de la Informaci\u00f3n y Comercio Electr\u00f3nico (LSSICE o LSSI), as\u00ed como informar a todos los usuarios del sitio web en relaci\u00f3n con las condiciones de uso del sitio web.<\/p>\n\n\n\n<p>A trav\u00e9s del Sitio Web, INDERACH S.L. proporciona a los usuarios el acceso y uso de los diferentes servicios y contenidos puestos a disposici\u00f3n a trav\u00e9s de la web.<\/p>\n\n\n\n<p>Cualquier persona que acceda a este sitio web asume el papel de usuario (en adelante usuario), e implica la aceptaci\u00f3n plena y sin reservas de todas y cada una de las disposiciones incluidas en este aviso legal, as\u00ed como de cualquier otra disposici\u00f3n legal que sea aplicable.<\/p>\n\n\n\n<p>Como usuarios, deber\u00e1n leer atentamente el presente Aviso Legal en cualquiera de las ocasiones que entren en la web, ya que podr\u00e1 sufrir modificaciones ya que el prestador se reserva el derecho de modificar cualquier tipo de informaci\u00f3n que pueda aparecer en la web, sin la obligaci\u00f3n de adelantar o informar a los usuarios de estas obligaciones, siendo suficiente publicaci\u00f3n en el sitio web del prestador.<\/p>\n\n\n\n<p><strong>2.- CONDICIONES DE ACCESO Y USO DE LA WEB.<\/strong><\/p>\n\n\n\n<p>2.1. Libre acceso y uso del sitio web.<\/p>\n\n\n\n<p>La prestaci\u00f3n de los servicios por parte de INDERACH S.L. es gratuita para todos los usuarios.<\/p>\n\n\n\n<p>2.2. Registro de usuarios.<\/p>\n\n\n\n<p>En general, la prestaci\u00f3n de los servicios no requiere la suscripci\u00f3n previa o el registro de los usuarios.<\/p>\n\n\n\n<p>2.3. Veracidad de la informaci\u00f3n.<\/p>\n\n\n\n<p>Toda la informaci\u00f3n proporcionada por el usuario debe ser verdadera. A estos efectos, el usuario garantiza la autenticidad de los datos comunicados a trav\u00e9s de los formularios para la suscripci\u00f3n de los servicios. Ser\u00e1 responsabilidad del usuario mantener toda la informaci\u00f3n facilitada a INDERACH S.L. permanentemente actualizada de una manera que responda, en todo momento, a su situaci\u00f3n real. En cualquier caso, el usuario ser\u00e1 el \u00fanico responsable de las declaraciones falsas o inexactas realizadas y de los da\u00f1os y perjuicios causados al prestador o a terceros.<\/p>\n\n\n\n<p>2.4. Menores.<\/p>\n\n\n\n<p>Para el uso de los servicios, los menores siempre deben obtener el consentimiento previo de los padres, tutores o representantes legales, responsables de todos los actos realizados por los menores a su cargo. La responsabilidad de determinar contenidos espec\u00edficos, a los que acceden los menores corresponde a aquellos, por lo que si acceden a contenidos que no son apropiados en l\u00ednea, deben establecerse mecanismos en sus ordenadores, en particular programas inform\u00e1ticos, filtros y bloqueos, que permitan limitar el contenido disponible y, aunque no sean infalibles, sean de especial utilidad para controlar y restringir los materiales a los que pueden acceder los menores.<\/p>\n\n\n\n<p>2.5. Obligaci\u00f3n de hacer un uso adecuado del Sitio Web.<\/p>\n\n\n\n<p>El usuario se compromete a utilizar el sitio web de conformidad con la Ley y el presente Aviso Legal, as\u00ed como con la moral y las buenas costumbres. A tal efecto, el usuario se abstendr\u00e1 de utilizar la p\u00e1gina con fines il\u00edcitos o prohibidos, perjudiciales para los derechos e intereses de terceros, o que de cualquier forma puedan da\u00f1ar, inutilrcar, sobrecargar, deteriorar o impedir el uso normal de equipos inform\u00e1ticos o documentos, archivos y todo tipo de contenidos almacenados en cualquier equipo inform\u00e1tico del prestador.<\/p>\n\n\n\n<p>En particular, y por indicativo pero no exhaustivo, el usuario se compromete a no transmitir, difundir o poner a disposici\u00f3n de terceros informaci\u00f3n, datos, contenidos, mensajes, gr\u00e1ficos, dibujos, archivos de sonido o imagen, fotograf\u00edas, grabaciones, software y, en general, cualquier tipo de material que:<\/p>\n\n\n\n<p>si contar\u00eda, despreciar\u00eda o violar\u00eda los derechos fundamentales y las libertades p\u00fablicas reconocidas constitucionalmente, en los tratados internacionales y otras normas vigentes; inducir, incitar o promover la criminalidad, la denigraci\u00f3n, la difamaci\u00f3n, la violencia o, en general, contra la ley, la moral y el orden p\u00fablico; inducir, incitar o promover acciones, actitudes o pensamientos discriminatorios sobre la base del sexo, la raza, la religi\u00f3n, las creencias, la edad o la condici\u00f3n; contrario al derecho al honor, a la intimidad personal o familiar o a la imagen de las personas;<br>de cualquier manera da\u00f1a la credibilidad del proveedor o de terceros; Y<br>constituye publicidad ilegal, enga\u00f1osa o desleal.<br><\/p>\n\n\n\n<p><strong>3.- EXCLUSION DE GARANTIAS Y RESPONSABILIDAD<\/strong><\/p>\n\n\n\n<p>El prestador est\u00e1 exento de cualquier responsabilidad derivada de la informaci\u00f3n publicada en nuestro sitio web, siempre que esta informaci\u00f3n haya sido manipulada o introducida por un tercero.<\/p>\n\n\n\n<p>Este sitio web ha sido revisado y probado para que funcione correctamente. En principio, el correcto funcionamiento puede garantizarse los 365 d\u00edas del a\u00f1o, las 24 horas del d\u00eda. Sin embargo, el prestador no descarta la posibilidad de que existan ciertos errores de programaci\u00f3n, o que existan causas de fuerza mayor, desastres naturales, huelgas o circunstancias similares que impidan el acceso al sitio web.<\/p>\n\n\n\n<p>INDERACH S.L. no otorga ninguna garant\u00eda o se hace responsable, en ning\u00fan caso, de los da\u00f1os y perjuicios de cualquier tipo que puedan ser causados por la falta de disponibilidad, mantenimiento y funcionamiento efectivo del sitio web o de sus servicios y contenidos; la existencia de virus, programas maliciosos o da\u00f1inos de los contenidos; ilegal, negligente, fraudulento o contrario al presente Aviso Legal y condiciones de uso; o la falta de legalidad, calidad, fiabilidad, utilidad y disponibilidad de los servicios prestados por terceros a disposici\u00f3n de los usuarios de nuestro sitio web.<\/p>\n\n\n\n<p>El proveedor no se hace responsable bajo ninguna circunstancia de los da\u00f1os que puedan ser causados por el uso indebido o ilegal de este sitio web.<\/p>\n\n\n\n<p><strong>4.- COOKIES<\/strong><\/p>\n\n\n\n<p>El sitio web del prestador puede utilizar cookies (peque\u00f1os archivos de informaci\u00f3n que el servidor env\u00eda al ordenador de la persona que accede a la p\u00e1gina) para realizar determinadas funciones que se consideran esenciales para el correcto funcionamiento y visualizaci\u00f3n del sitio. Las cookies utilizadas tienen, en todo caso, car\u00e1cter temporal, con la \u00fanica finalidad de hacer m\u00e1s eficiente la navegaci\u00f3n, y desaparecen al final de la sesi\u00f3n del usuario. En ning\u00fan caso se utilizar\u00e1n cookies para recopilar informaci\u00f3n personal. Para obtener m\u00e1s informaci\u00f3n, consulte nuestra Pol\u00edtica de cookies.<\/p>\n\n\n\n<p><strong>5.- ENLACES<\/strong><\/p>\n\n\n\n<p>El sitio web puede ser redirigido a contenido de terceros. Dado que desde la web no siempre podemos controlar los contenidos introducidos por los terceros, INDERACH S.L. no asume ninguna responsabilidad con respecto a estos contenidos. En cualquier caso, el prestador declara que proceder\u00e1 a la retirada inmediata de cualquier contenido que pueda contravenir el derecho nacional o internacional, la moral o el orden p\u00fablico, procediendo a la retirada inmediata de la re-direcci\u00f3n en estos sitios web, informando a las autoridades competentes del contenido en cuesti\u00f3n.<\/p>\n\n\n\n<p>El prestador no se hace responsable de la informaci\u00f3n y contenidos almacenados, a modo de ejemplo pero no limitando, en foros, chats, generadores de blogs, comentarios, redes sociales, o cualquier otro medio que permita a terceros publicar contenidos de forma independiente en el sitio web del prestador. No obstante, y en cumplimiento de lo dispuesto en los art\u00edculos 11 y 16 de la LSSICE, el prestador se pone a disposici\u00f3n de todos los usuarios, autoridades y fuerzas de seguridad, y colabora activamente en la retirada o, en su caso, en el bloqueo de todos los contenidos que puedan afectar o contravenir los derechos o la moral y el orden p\u00fablico nacionales, internacionales, de terceros. En el caso de que el usuario considere que puede haber alg\u00fan contenido que pueda ser susceptible de esta clasificaci\u00f3n, notif\u00edquelo inmediatamente al administrador del sitio web.<\/p>\n\n\n\n<p><strong>6.- PROTECCION DE DATOS PERSONALES<\/strong><\/p>\n\n\n\n<p>El prestador est\u00e1 profundamente comprometido con el cumplimiento de la normativa de protecci\u00f3n de datos personales y garantiza el pleno cumplimiento de las obligaciones establecidas, as\u00ed como la aplicaci\u00f3n de las medidas de seguridad establecidas en el Reglamento Europeo de Protecci\u00f3n de Datos y la normativa espa\u00f1ola de protecci\u00f3n de datos. Para obtener m\u00e1s informaci\u00f3n, consulte nuestra Pol\u00edtica de privacidad.<\/p>\n\n\n\n<p><strong>7.- PROPIEDAD INTELECTUAL INTELECTUAL E INDUSTRIAL<\/strong><\/p>\n\n\n\n<p>El sitio web, incluyendo pero no limitado a la programaci\u00f3n, edici\u00f3n, compilaci\u00f3n y otros elementos necesarios para su funcionamiento, dise\u00f1os, logotipos, textos, fotograf\u00edas y\/o gr\u00e1ficos son propiedad del prestador o, en su caso, cuenta con la licencia expresa o autorizaci\u00f3n por parte de los autores. Todos los contenidos del sitio web est\u00e1n debidamente protegidos por la normativa de propiedad intelectual e industrial.<\/p>\n\n\n\n<p>Independientemente de la finalidad para la que fueron destinados, la reproducci\u00f3n total o parcial, el uso, la distribuci\u00f3n y la comunicaci\u00f3n p\u00fablica requieren autorizaci\u00f3n previa por escrito del prestador. Cualquier uso previamente no autorizado por parte del proveedor se considerar\u00e1 una violaci\u00f3n grave de los derechos de propiedad intelectual o industrial del autor.<\/p>\n\n\n\n<p>Los dise\u00f1os, logotipos, textos y\/o gr\u00e1ficos ajenas al prestador y que puedan aparecer en el sitio web, pertenecen a sus respectivos propietarios, siendo ellos mismos responsables de cualquier posible controversia que pueda surgir con respecto a los mismos. En cualquier caso, el prestador cuenta con la autorizaci\u00f3n expresa y previa por parte de los que dispone.<\/p>\n\n\n\n<p>El prestador reconoce a favor de sus titulares los correspondientes derechos de propiedad industrial e intelectual, sin implicar la menci\u00f3n o aparici\u00f3n en el sitio web, de la existencia de derechos o cualquier responsabilidad del prestador sobre los mismos, ni apoyo, patrocinio o recomendaci\u00f3n por parte del mismo.<\/p>\n\n\n\n<p>Para realizar cualquier tipo de observaci\u00f3n sobre posibles vulneraci\u00f3n de los derechos de propiedad intelectual o industrial, as\u00ed como sobre cualquiera de los contenidos del sitio web, puede hacerlo a trav\u00e9s del correo electr\u00f3nico mencionado anteriormente.<\/p>\n\n\n\n<p>8.- LEY APLICABLE Y JURISDICCION<\/p>\n\n\n\n<p>Para la resoluci\u00f3n de litigios o cuestiones relacionadas con este sitio web o las actividades en este desarrollo, se aplicar\u00e1 la legislaci\u00f3n espa\u00f1ola, a la que se someten expresamente las partes, siendo competentes para la resoluci\u00f3n de todos los conflictos que surjan o relacionados con su uso por los Juzgados y Tribunales de Barcelona.<\/p>\n","protected":false},"excerpt":{"rendered":"<p>Con el fin de cumplir con el art\u00edculo 10 de la Ley 34\/2002 de Servicios de la Sociedad de la Informaci\u00f3n y Comercio Electr\u00f3nico, informamos a los usuarios de nuestros datos: Nombre Corporativo: INDERACH S.L. Domicilio social: Calle Narc\u00eds Monturiol, almac\u00e9n 6 parcela 15-21 \u2013 La Pobla de Claramunt (Barcelona) NIF: B59970418Tel\u00e9fono: 93 805 04 [&hellip;]<\/p>\n","protected":false},"author":1,"featured_media":0,"parent":0,"menu_order":0,"comment_status":"closed","ping_status":"closed","template":"","meta":{"_monsterinsights_skip_tracking":false,"_monsterinsights_sitenote_active":false,"_monsterinsights_sitenote_note":"","_monsterinsights_sitenote_category":0,"footnotes":""},"class_list":["post-376","page","type-page","status-publish","hentry"],"_links":{"self":[{"href":"https:\/\/www.inderach.com\/cast\/wp-json\/wp\/v2\/pages\/376","targetHints":{"allow":["GET"]}}],"collection":[{"href":"https:\/\/www.inderach.com\/cast\/wp-json\/wp\/v2\/pages"}],"about":[{"href":"https:\/\/www.inderach.com\/cast\/wp-json\/wp\/v2\/types\/page"}],"author":[{"embeddable":true,"href":"https:\/\/www.inderach.com\/cast\/wp-json\/wp\/v2\/users\/1"}],"replies":[{"embeddable":true,"href":"https:\/\/www.inderach.com\/cast\/wp-json\/wp\/v2\/comments?post=376"}],"version-history":[{"count":3,"href":"https:\/\/www.inderach.com\/cast\/wp-json\/wp\/v2\/pages\/376\/revisions"}],"predecessor-version":[{"id":424,"href":"https:\/\/www.inderach.com\/cast\/wp-json\/wp\/v2\/pages\/376\/revisions\/424"}],"wp:attachment":[{"href":"https:\/\/www.inderach.com\/cast\/wp-json\/wp\/v2\/media?parent=376"}],"curies":[{"name":"wp","href":"https:\/\/api.w.org\/{rel}","templated":true}]}}