{"id":374,"date":"2020-10-21T12:48:57","date_gmt":"2020-10-21T10:48:57","guid":{"rendered":"https:\/\/www.inderach.com\/?page_id=374"},"modified":"2020-10-21T15:15:01","modified_gmt":"2020-10-21T13:15:01","slug":"politica-de-privacitat","status":"publish","type":"page","link":"https:\/\/www.inderach.com\/cast\/politica-de-privacitat\/","title":{"rendered":"Pol\u00edtica de privacidad"},"content":{"rendered":"\n<p><strong>CONTROLADOR DE DATOS<\/strong><\/p>\n\n\n\n<p>Identidad: INDERACH S.L. (tambi\u00e9n el proveedor)<\/p>\n\n\n\n<p>Nif: B59970418<\/p>\n\n\n\n<p>Direcci\u00f3n postal: Carrer Narc\u00eds Monturiol, nave 6 parcela 15-21 \u2013 La Pobla de Claramunt (Barcelona)<\/p>\n\n\n\n<p>Correo Electr\u00f3nico :inderach@inderach.com<\/p>\n\n\n\n<p>INDERACH S.L. , como responsable del Sitio Web, de conformidad con lo dispuesto en el Reglamento (UE) 2016\/679, de 27 de abril de 2016 (RGPD), relativo a la protecci\u00f3n de las personas f\u00edsicas en relaci\u00f3n con el tratamiento de datos personales y la libre circulaci\u00f3n de dichos datos y otras normativas vigentes en materia de protecci\u00f3n de datos personales, y por Ley 34\/2002, de 11 de julio, de servicios de la Sociedad de la Informaci\u00f3n y Comercio Electr\u00f3nico (LSSICE), le informa que ha implementado las medidas de seguridad necesarias, de car\u00e1cter t\u00e9cnico y organizativo, para garantizar y proteger la confidencialidad, integridad y disponibilidad de los datos introducidos.<\/p>\n\n\n\n<p><strong>INFORMACION QUE RECOPILAMOS:<\/strong><\/p>\n\n\n\n<p>Los datos recogidos por el responsable son los siguientes:<\/p>\n\n\n\n<p>Aquellos que los usuarios prestan a trav\u00e9s de los diferentes servicios ofrecidos en el sitio web<br>Los incluidos en los diferentes formularios proporcionados en el sitio web<br>Datos recogidos a trav\u00e9s de cookies para mejorar la experiencia de navegaci\u00f3n tal y como se informa en la pol\u00edtica de cookies.<br>La negativa a facilitar los datos obligatorios implicar\u00e1 la imposibilidad de atender la solicitud espec\u00edfica en cuesti\u00f3n. Usted declara que la informaci\u00f3n y los datos que nos proporciona son precisos, actuales y veraces. Por favor, le informe de que en caso de modificaci\u00f3n, comunique inmediatamente lo mismo para que la informaci\u00f3n en el tratamiento se actualice en todo momento y no contenga errores.<\/p>\n\n\n\n<p>A trav\u00e9s de esta Pol\u00edtica de Privacidad le informamos que las fotograf\u00edas que se publican en la web son propiedad de INDERACH S.L.,incluidas las de menores, en las que, para su obtenci\u00f3n, se ha obtenido el consentimiento previo de los padres, tutores o representantes legales mediante la firma de los formularios realizados a tal efecto por los centros en los que forman parte los menores. No obstante, los padres, tutores o representantes de menores, como titulares del ejercicio de sus derechos, y siempre previa solicitud formal por escrito, podr\u00e1n indicar la negativa a utilizar la imagen del menor; en este caso, la imagen se pixelar\u00e1.<\/p>\n\n\n\n<p>Puede revocar su consentimiento en cualquier momento enviando una carta con el asunto \u00abDescargar\u00bb a inderach@inderach.com<\/p>\n\n\n\n<p><strong>FINALIDAD DEL TRATAMIENTO<\/strong><\/p>\n\n\n\n<p>Sus datos personales solo se utilizar\u00e1n para los siguientes fines:<\/p>\n\n\n\n<p>Llevar a cabo los procedimientos comerciales y administrativos necesarios con los usuarios de la web;<br>Enviar comunicaciones publicitarias comerciales por correo electr\u00f3nico, fax, SMS, MMS, comunidades sociales o cualquier otro medio electr\u00f3nico o f\u00edsico, en el caso de que el Usuario haya consentido expresamente el env\u00edo de comunicaciones comerciales electr\u00f3nicamente mediante la suscripci\u00f3n a NEWSLETTER;<br>Responder a consultas y\/o proporcionar informaci\u00f3n requerida por el Usuario;<br>Realizar los servicios y\/o productos contratados o suscritos por el Usuario<br>Utilice sus datos para ponerse en contacto con usted, tanto electr\u00f3nica como electr\u00f3nicamente, para obtener su opini\u00f3n sobre el servicio prestado y, notificarle de cambios, desarrollos importantes de la pol\u00edtica de privacidad, aviso legal o pol\u00edtica de cookies.<br>Procesos de gesti\u00f3n y selecci\u00f3n de CV<br>Se realizar\u00e1 el an\u00e1lisis de perfiles y usabilidad.<br>Los datos de los clientes y\/o proveedores ser\u00e1n tratados, dentro de la relaci\u00f3n contractual que los vincule con los responsables, en cumplimiento de las obligaciones administrativas, fiscales, contables y laborales que sean necesarias en virtud de la legislaci\u00f3n vigente.<br>Seguridad de las instalaciones a trav\u00e9s de un sistema de videovigilancia<br>Llevar a cabo todas las actividades de INDERACH, S.L. para esta revisi\u00f3n de acuerdo con la legislaci\u00f3n aplicable.<br>De acuerdo con la LSSICE, INDERACH, S.L. no realiza pr\u00e1cticas de SPAM, por lo tanto, no env\u00eda correos electr\u00f3nicos comerciales por correo electr\u00f3nico que no hayan sido previamente solicitados o autorizados por el Usuario. En consecuencia, en todas las comunicaciones que reciba del prestador, el usuario tiene la posibilidad de cancelar su consentimiento expreso para recibir nuestras comunicaciones.<\/p>\n\n\n\n<p>No trataremos sus datos personales para ning\u00fan otro prop\u00f3sito que los descritos por obligaci\u00f3n legal o requisito judicial.<\/p>\n\n\n\n<p><strong>CONSERVACI\u00d3N DE SUS DATOS<\/strong><\/p>\n\n\n\n<p>Sus datos se conservar\u00e1n mientras dure o ejerza su derecho de cancelaci\u00f3n u oposici\u00f3n, o limitaci\u00f3n al tratamiento. Sin embargo, conservaremos ciertos datos personales de identificaci\u00f3n y tr\u00e1fico durante un per\u00edodo m\u00e1ximo de 2 a\u00f1os para el evento requerido por los Jueces y Tribunales o para insocar acciones internas derivadas del uso indebido del sitio web.<\/p>\n\n\n\n<p>No estar\u00e1 sujeto a decisiones basadas en tratamientos automatizados que produzcan efectos en sus datos.<\/p>\n\n\n\n<p><strong>LEGITIMACI\u00d3N DEL TRATAMIENTO<\/strong><\/p>\n\n\n\n<p>La base legal para el tratamiento de los datos es su consentimiento otorgado para llevar a cabo los fines descritos anteriormente, que ser\u00e1n solicitados en el momento de marcar la casilla correspondiente al recoger sus datos.<\/p>\n\n\n\n<p>No proporcionar los datos personales solicitados o no aceptar esta pol\u00edtica de protecci\u00f3n de datos implica la imposibilidad de suscribirse, registrarse o recibir informaci\u00f3n sobre los productos y servicios del Proveedor.<\/p>\n\n\n\n<p><strong>COMUNICACIONES<\/strong><\/p>\n\n\n\n<p>Cualquier comunicaci\u00f3n enviada se incorporar\u00e1 a los sistemas de informaci\u00f3n de INDERACH, S.L. Al aceptar estas condiciones, t\u00e9rminos y pol\u00edticas, el Usuario consiente expresamente el hecho de que INDERACH, S.L. realice las siguientes actividades y\/o acciones, salvo que el Usuario indique lo contrario:<\/p>\n\n\n\n<p>El env\u00edo de comunicaciones comerciales y\/o promocionales por cualquier medio habilitado para informar a los usuarios de actividades, servicios, promociones, publicidad, noticias, ofertas y de otro tipo de informaci\u00f3n sobre los servicios y productos relacionados con la actividad.<br>En el caso de que el Usuario haya consentido expresamente el env\u00edo de comunicaciones comerciales electr\u00f3nicamente mediante la suscripci\u00f3n a newsletter, enviando estas comunicaciones por medios electr\u00f3nicos informando a los usuarios de las actividades, servicios, promociones, publicidad, noticias, ofertas y dem\u00e1s informaci\u00f3n sobre los servicios y productos de INDERACH, S.L. iguales o similares a los que fueron inicialmente contratados o de inter\u00e9s para el Usuario.<br>La conservaci\u00f3n de los datos durante los plazos previstos en las disposiciones aplicables.<br><\/p>\n\n\n\n<p><strong>MEDIOS OFICIALES<\/strong><\/p>\n\n\n\n<p>Se informa al usuario que los medios habilitados por la empresa para comunicarse con los clientes y otros afectados son el tel\u00e9fono corporativo, los tel\u00e9fonos m\u00f3viles de la empresa y el correo electr\u00f3nico corporativo.<\/p>\n\n\n\n<p>Si vienes. env\u00eda informaci\u00f3n personal a trav\u00e9s de un medio de comunicaci\u00f3n distinto de los indicados en esta secci\u00f3n, la EMPRESA quedar\u00e1 exenta de responsabilidad en relaci\u00f3n con las medidas de seguridad proporcionadas por el medio en cuesti\u00f3n.<\/p>\n\n\n\n<p><strong>DESTINATARIOS DE ASIGNACIONES O TRANSFERENCIAS<\/strong><\/p>\n\n\n\n<p>INDERACH, S.L. no realiza ninguna cesi\u00f3n o comunicaci\u00f3n de datos salvo necesidad razonable de cumplir con un procedimiento legal, obligaci\u00f3n legal u previamente obtener el consentimiento del usuario.<\/p>\n\n\n\n<p>Tampoco se realizar\u00e1n transferencias internacionales de sus datos personales sin su consentimiento previo sin perjuicio de poder bloquear o cancelar su cuenta si puede haber indicios de la comisi\u00f3n de cualquier delito por parte del usuario. La informaci\u00f3n proporcionada ser\u00e1 s\u00f3lo la disponible para el proveedor en este momento.<\/p>\n\n\n\n<p>INDERACH, S.L. no ceder\u00e1 los datos recogidos a terceros a menos que exista una necesidad razonable de cumplir con los procedimientos legales, obligaciones legales u previamente obtener el consentimiento del usuario.<\/p>\n\n\n\n<p><strong>DERECHOS DE LAS PARTES INTERESADAS<\/strong><\/p>\n\n\n\n<p>Como interesado por el usuario, puede solicitar el ejercicio de los siguientes derechos ante INDERACH, S.L. enviando una carta a la direcci\u00f3n postal del encabezado o enviando un correo electr\u00f3nico a rgpd@casamas.com, indicando como Asunto: \u00abGDPR, Derechos Afectados\u00bb, y adjuntando fotocopia de su DNI o cualquier medio similar en derecho, seg\u00fan lo indicado por la ley.<\/p>\n\n\n\n<p>Derechos:<\/p>\n\n\n\n<p>Derecho de acceso: permite al interesado conocer y obtener informaci\u00f3n sobre sus datos personales sujetos a tratamiento.<br>Derecho de rectificaci\u00f3n o supresi\u00f3n:permite corregir errores y modificar los datos que resultan ser inexactos o incompletos.<br>Derecho de cancelaci\u00f3n :permite que los datos que resultan ser inapropiados o excesivos sean eliminados.<br>Derecho de oposici\u00f3n:el derecho del interesado a no llevar a cabo el tratamiento de sus datos personales o cesarlos.<br>Limitaci\u00f3n deltratamiento: implica el marcado de los datos personales conservados, con el fin de limitar su tratamiento futuro.<br>Portabilidad de los datos:facilitaci\u00f3n del objeto de tratamiento de los datos al interesado, para que pueda transmitirlos a otro responsable, sin impedimentos.<br>Derecho a no estar sujeto a decisiones individuales automatizadas (incluida la elaboraci\u00f3n de perfiles): el derecho a no estar sujeto a una decisi\u00f3n basada en un tratamiento automatizado que produzca efectos o afecte significativamente.<br>Como usuario, tiene derecho a retirar el consentimiento prestado en cualquier momento. La retirada del consentimiento no afectar\u00e1 a la legalidad del tratamiento realizado antes de la retirada del consentimiento.<\/p>\n\n\n\n<p>Tambi\u00e9n tiene derecho a presentar una queja ante la autoridad de control si considera que sus derechos pueden haber sido violados en relaci\u00f3n con la protecci\u00f3n de sus datos (aepd.es).<\/p>\n\n\n\n<p><strong>INFORMACI\u00d3N ADICIONAL<\/strong><\/p>\n\n\n\n<p>INDERACH S.L. podr\u00e1 contratar a terceros para facilitar sus servicios. En este caso, INDERACH S.L. limitar\u00e1 el acceso a la informaci\u00f3n y tambi\u00e9n habr\u00e1 firmado los correspondientes contratos en relaci\u00f3n con obligaciones de protecci\u00f3n de datos que no podr\u00e1n a estos terceros utilizar la informaci\u00f3n facilitada para otros fines distintos a los de la prestaci\u00f3n de servicios.<\/p>\n\n\n\n<p><strong>REDES SOCIALES<\/strong><\/p>\n\n\n\n<p>Le informamos que INDERACH S.L. puede tener presencia en las redes sociales. El tratamiento de los datos realizados por personas que se conviertan en seguidores en las redes sociales (y\/o realicen cualquier enlace o acci\u00f3n de conexi\u00f3n a trav\u00e9s de las redes sociales) de las p\u00e1ginas oficiales de INDERACH S.L. se regir\u00e1 por este apartado, as\u00ed como por aquellas condiciones de uso, pol\u00edticas de privacidad y normativas de acceso que pertenezcan a la red social que venga en cada caso y previamente aceptadas por el usuario.<\/p>\n\n\n\n<p>INDERACH S.L. tratar\u00e1 sus datos con el fin de administrar correctamente su presencia en la red social, informle de las actividades, productos o servicios del prestador, as\u00ed como para cualquier otra finalidad que permita la normativa de redes sociales.<br>Queda prohibida la publicaci\u00f3n de contenidos:<\/p>\n\n\n\n<p>Que supuestamente son ilegales por reglamentos nacionales, COMUNITARIOS o internacionales o que llevan a cabo actividades supuestamente il\u00edcitas o contravienen los principios de buena fe.<br>Que vulneran los derechos fundamentales de las personas, carecen de la cortes\u00eda en la web, perturban o pueden generar opiniones negativas en nuestros usuarios o terceros y en general cualquier contenido que INDERACH S.L. considere inapropiado.<br>Y en general que contravienen los principios de legalidad, honestidad, responsabilidad, protecci\u00f3n de la dignidad humana, protecci\u00f3n de los menores, protecci\u00f3n del orden p\u00fablico, protecci\u00f3n de la vida privada, protecci\u00f3n de los consumidores y derechos de propiedad intelectual e industrial.<br>Asimismo, INDERACH S.L. se reserva el derecho de retirar, sin previo aviso del sitio web o de la red social corporativa, cualquier contenido considerado inapropiado.<\/p>\n\n\n\n<p>Las comunicaciones enviadas a trav\u00e9s de las redes sociales se incorporar\u00e1n a un fichero propiedad de INDERACH S.L., pudiendo enviarle informaci\u00f3n de inter\u00e9s.<\/p>\n\n\n\n<p>En cualquier caso, si vienes. env\u00eda informaci\u00f3n personal a trav\u00e9s de la red social, INDERACH S.L. quedar\u00e1 exenta de responsabilidad en relaci\u00f3n con las medidas de seguridad aplicables a esta plataforma, deveniendo al usuario en caso de querer conocerlos, consultar las correspondientes condiciones particulares de la red en cuesti\u00f3n.<\/p>\n\n\n\n<p><strong>INTEGRACI\u00d3N DE GOOGLE MAPS<\/strong><\/p>\n\n\n\n<p>En este sitio web, utilizamos los servicios de Google Maps. De esta manera podemos mostrar directamente mapas interactivos en nuestro sitio web y permitir el uso c\u00f3modo de mapas.<\/p>\n\n\n\n<p>Cuando visita el sitio web, Google recibe la informaci\u00f3n de que ha visitado el subs\u00e9 sitio respectivo de nuestro sitio web. Adem\u00e1s, los datos antes mencionados se transfieren en el p\u00e1rrafo siguiente. Esto ocurre independientemente de si Google ofrece una cuenta de usuario, si has iniciado sesi\u00f3n o si no existe una cuenta de usuario. Si has iniciado sesi\u00f3n en Google, tus datos se comparan directamente con los de tu cuenta. Si no quieres que tu perfil coincida con el de Google, debes cerrar sesi\u00f3n antes de usar el bot\u00f3n. Google guarda los datos como perfiles de usuario y los utiliza con fines publicitarios y de investigaci\u00f3n de mercado y\/o dise\u00f1o orientado al usuario de su sitio web. Este an\u00e1lisis se lleva a cabo especialmente (incluso para los usuarios que no est\u00e1n registrados) para mostrar anuncios orientados al usuario y con el fin de informar a otros usuarios de la red social sobre sus actividades en nuestro sitio web. Usted tiene derecho a oponerse a la creaci\u00f3n de estos perfiles de usuario. Para la ejecuci\u00f3n de este derecho, debe ponerse en contacto con Google.<\/p>\n\n\n\n<p>Encontrar\u00e1 m\u00e1s informaci\u00f3n sobre el prop\u00f3sito y el alcance de la recopilaci\u00f3n y el procesamiento de datos por parte del proveedor del complemento en la declaraci\u00f3n de privacidad del proveedor. All\u00ed tambi\u00e9n puede encontrar m\u00e1s informaci\u00f3n sobre sus derechos y la capacidad de cambiar la configuraci\u00f3n para proteger su privacidad: https:\/\/www.google.de\/intl\/en\/policies\/privacy\/. Google procesa sus datos personales tambi\u00e9n en los Estados Unidos y act\u00faa en virtud del Escudo de privacidad EU-EE. UU., https:\/\/www.privacyshield.gov\/eu-us-framework.<\/p>\n\n\n\n<p><strong>MEDIDAS DE SEGURIDAD<\/strong><\/p>\n\n\n\n<p>Los datos que nos proporcione ser\u00e1n tratados de forma confidencial. El Proveedor ha adoptado todas las medidas t\u00e9cnicas y organizativas y todos los niveles de protecci\u00f3n necesarios para garantizar la seguridad en el tratamiento de los datos y evitar su alteraci\u00f3n, p\u00e9rdida, robo, tratamiento o acceso no autorizado, de acuerdo con el estado de la tecnolog\u00eda y la naturaleza de los datos almacenados. Tambi\u00e9n se garantiza que el tratamiento y registro en ficheros, programas, sistemas o equipos, locales y centros cumplen con los requisitos y condiciones de integridad y seguridad establecidos en la normativa vigente.<\/p>\n\n\n\n<p><strong>CAMBIOS A ESTA POL\u00cdTICA DE PRIVACIDAD<\/strong><\/p>\n\n\n\n<p>INDERACH S.L. se reserva el derecho de modificar esta pol\u00edtica para adaptarla a los desarrollos legislativos o jurisprudenciales.<\/p>\n\n\n\n<p><strong>LEGISLACI\u00d3N<\/strong><\/p>\n\n\n\n<p>En general, las relaciones entre INDERACH S.L. y los Usuarios de sus servicios telem\u00e1ticos, presentes en este Sitio Web, est\u00e1n sujetas a la legislaci\u00f3n y jurisdicci\u00f3n espa\u00f1ola a la que se someten expresamente las partes, siendo competentes para la resoluci\u00f3n de todos los conflictos derivados o relacionados con su uso por parte de los Juzgados y Tribunales de Barcelona.<\/p>\n","protected":false},"excerpt":{"rendered":"<p>CONTROLADOR DE DATOS Identidad: INDERACH S.L. (tambi\u00e9n el proveedor) Nif: B59970418 Direcci\u00f3n postal: Carrer Narc\u00eds Monturiol, nave 6 parcela 15-21 \u2013 La Pobla de Claramunt (Barcelona) Correo Electr\u00f3nico :inderach@inderach.com INDERACH S.L. , como responsable del Sitio Web, de conformidad con lo dispuesto en el Reglamento (UE) 2016\/679, de 27 de abril de 2016 (RGPD), relativo [&hellip;]<\/p>\n","protected":false},"author":1,"featured_media":0,"parent":0,"menu_order":0,"comment_status":"closed","ping_status":"closed","template":"","meta":{"_monsterinsights_skip_tracking":false,"_monsterinsights_sitenote_active":false,"_monsterinsights_sitenote_note":"","_monsterinsights_sitenote_category":0,"footnotes":""},"class_list":["post-374","page","type-page","status-publish","hentry"],"_links":{"self":[{"href":"https:\/\/www.inderach.com\/cast\/wp-json\/wp\/v2\/pages\/374","targetHints":{"allow":["GET"]}}],"collection":[{"href":"https:\/\/www.inderach.com\/cast\/wp-json\/wp\/v2\/pages"}],"about":[{"href":"https:\/\/www.inderach.com\/cast\/wp-json\/wp\/v2\/types\/page"}],"author":[{"embeddable":true,"href":"https:\/\/www.inderach.com\/cast\/wp-json\/wp\/v2\/users\/1"}],"replies":[{"embeddable":true,"href":"https:\/\/www.inderach.com\/cast\/wp-json\/wp\/v2\/comments?post=374"}],"version-history":[{"count":3,"href":"https:\/\/www.inderach.com\/cast\/wp-json\/wp\/v2\/pages\/374\/revisions"}],"predecessor-version":[{"id":428,"href":"https:\/\/www.inderach.com\/cast\/wp-json\/wp\/v2\/pages\/374\/revisions\/428"}],"wp:attachment":[{"href":"https:\/\/www.inderach.com\/cast\/wp-json\/wp\/v2\/media?parent=374"}],"curies":[{"name":"wp","href":"https:\/\/api.w.org\/{rel}","templated":true}]}}