{"id":372,"date":"2020-10-21T12:46:41","date_gmt":"2020-10-21T10:46:41","guid":{"rendered":"https:\/\/www.inderach.com\/?page_id=372"},"modified":"2020-10-21T15:14:53","modified_gmt":"2020-10-21T13:14:53","slug":"politica-de-cookies","status":"publish","type":"page","link":"https:\/\/www.inderach.com\/cast\/politica-de-cookies\/","title":{"rendered":"Pol\u00edtica de cookies"},"content":{"rendered":"\n<p>De conformidad con la normativa espa\u00f1ola que regula el uso de cookies en relaci\u00f3n con la prestaci\u00f3n de servicios de comunicaciones electr\u00f3nicas, contenida en el Real Decreto-Ley 13\/2012, de 30 de marzo, le informamos sobre las cookies utilizadas en el sitio webdel INDERACH y el motivo de su uso. Sin embargo, le informamos que al navegar por este Portal Web est\u00e1 proporcionando consermentaci\u00f3n con el fin de utilizarlos.<\/p>\n\n\n\n<p><strong>\u00bfQUE SON LAS COOKIES?<\/strong><\/p>\n\n\n\n<p>Una cookie es un archivo que se descarga en su ordenador cuando accede a determinadas p\u00e1ginas web. Las cookies permiten a un sitio web, entre otras cosas, almacenar y recuperar informaci\u00f3n sobre los h\u00e1bitos de navegaci\u00f3n de un usuario o de su equipo y, dependiendo de la informaci\u00f3n contenida y de la forma en que se utilice su equipo, pueden utilizarse para reconocer a los usuarios. Las cookies se asocian con un usuario an\u00f3nimo y su ordenador o dispositivo y no proporcionan referencias que le permitan conocer sus datos personales.<\/p>\n\n\n\n<p><strong>COOKIES AFECTADOS POR LA NORMATIVA Y LAS COOKIES EXENTAS<\/strong><\/p>\n\n\n\n<p>Seg\u00fan la directiva de la UE, las cookies que requieren el consentimiento informado por parte del usuario son cookies anal\u00edticas y cookies de publicidad y afiliaci\u00f3n, excepto las de car\u00e1cter t\u00e9cnico y las necesarias para el funcionamiento del portal web o la prestaci\u00f3n de los servicios expresamente solicitados por el usuario.<\/p>\n\n\n\n<p><strong>TIPOS DE COOKIES UTILIZADAS EN ESTE SITIO WEB<\/strong><\/p>\n\n\n\n<p>Las cookies utilizadas en nuestro sitio web son de sesi\u00f3n y de terceros, y nos permiten almacenar y acceder a informaci\u00f3n relacionada con el idioma, el tipo de navegador utilizado y otras caracter\u00edsticas generales predefinidas por el usuario, as\u00ed como seguir y analizar la actuvidad que realiza para mejorar y prestar nuestros servicios de una manera m\u00e1s eficiente y personalizada. Los coojkies utilizados tienen, en todo caso, car\u00e1cter temporal, con el \u00fanico prop\u00f3sito de hacer m\u00e1s eficiente la navegaci\u00f3n. En ning\u00fan caso estas cookies proporcionan por s\u00ed mismas datos personales y no se utilizan para la recopilaci\u00f3n de los mismos.<\/p>\n\n\n\n<p>El uso de cookies ofrece ventajas, tales como:<\/p>\n\n\n\n<p>proporciona al usuario navegaci\u00f3n y acceso a los diferentes servicios ofrecidos por el sitio web;<br>evita que el usuario tenga que configurar las caracter\u00edsticas predefinidas generales cada vez que accede al sitio web; Y<br>promueve la mejora del funcionamiento y los servicios prestados a trav\u00e9s del sitio web, tras el correspondiente an\u00e1lisis de la informaci\u00f3n obtenida a trav\u00e9s de las cookies instaladas.<br>Al acceder a nuestro sitio web se le informa que si contin\u00faa navegando se instalar\u00e1n varias cookies de terceros consistentes en la instalaci\u00f3n de determinadas cookies que tendr\u00e1n la \u00fanica finalidad de registrar el acceso a nuestro sitio web mediante la realizaci\u00f3n de estad\u00edsticas an\u00f3nimas sobre las visitas, recopilando informaci\u00f3n siempre an\u00f3nima. No es necesario que acepte la instalaci\u00f3n de estas cookies, tambi\u00e9n puede navegar por nuestro sitio web.<\/p>\n\n\n\n<p><strong>REVOCACI\u00d3N<\/strong><\/p>\n\n\n\n<p>En cualquier momento puede acceder a la configuraci\u00f3n de su navegador aceptando o rechazando todas las cookies, o seleccionando aquellas cuya instalaci\u00f3n soporta y que no lo hagan, siguiendo uno de los siguientes procedimientos que variar\u00e1n seg\u00fan cada uno de los navegadores que utilice:<\/p>\n\n\n\n<p>Google Chrome (en el men\u00fa Herramientas):<br>Configuraci\u00f3n > Mostrar privacidad de > avanzada (Configuraci\u00f3n de contenido) > Cookies:<br>https:\/\/support.google.com\/chrome\/answer\/95647?co=GENIE.Platform%3DDesktop&#038;hl=es<\/p>\n\n\n\n<p>Microsoft Internet Explorer (en el men\u00fa Herramientas):<br>Las opciones de Internet > la privacidad de > avanzada:<br>https:\/\/support.microsoft.com\/es-es\/help\/17442\/windows-internet-explorer-delete-manage-cookies<\/p>\n\n\n\n<p>Firefox:<\/p>\n\n\n\n<blockquote class=\"wp-block-quote is-layout-flow wp-block-quote-is-layout-flow\"><p>cookies de > de privacidad:<br>https:\/\/support.mozilla.org\/es\/kb\/habilitar-y-deshabilitar-cookies-sitios-web-rastrear-preferencias<\/p><\/blockquote>\n\n\n\n<p>Safari, iPad y iPhone:<\/p>\n\n\n\n<blockquote class=\"wp-block-quote is-layout-flow wp-block-quote-is-layout-flow\"><p>de privacidad<br>https:\/\/support.apple.com\/es-es\/HT201265<\/p><\/blockquote>\n\n\n\n<p>Opera:<br>Configuraci\u00f3n > Cookies de > > avanzada<br>https:\/\/www.opera.com\/help\/tutorials\/security\/privacy\/<\/p>\n\n\n\n<p>Estos navegadores est\u00e1n sujetos a actualizaciones o modificaciones, por lo que no podemos garantizar que se ajusten completamente a la versi\u00f3n de su navegador. Tambi\u00e9n puede utilizar otros navegadores no incluidos en estos enlaces como Konqueror, Arora, Flock, etc. Para evitar estos desequilibrios, puede acceder directamente desde las opciones de su navegador, por lo general en el men\u00fa \u00abOpciones\u00bb en la secci\u00f3n \u00abPrivacidad\u00bb. (Consulte la ayuda de su navegador para obtener m\u00e1s informaci\u00f3n).<\/p>\n\n\n\n<p><strong>DESACTIVACI\u00d3N\/ACTIVACI\u00d3N Y ELIMINACI\u00d3N DE COOKIES<\/strong><\/p>\n\n\n\n<p>Para restringir o bloquear las cookies, debe hacerse a trav\u00e9s de la configuraci\u00f3n del navegador.<\/p>\n\n\n\n<p>Si no desea que los sitios web no coloquen cookies en su ordenador, puede adaptar la configuraci\u00f3n de su navegador para que se le notifique antes de que se coloquen cookies. Sin embargo, puede adaptar la configuraci\u00f3n para que el navegador rechace todas las cookies, o solo las cookies de terceros. Tambi\u00e9n puede eliminar cualquiera de las cookies que se encuentran en su ordenador. Ten en cuenta que tendr\u00e1s que adaptar por separado la configuraci\u00f3n de cada navegador y ordenador que utilices.<\/p>\n\n\n\n<p>Tenga en cuenta que si no desea recibir cookies, ya no podremos garantizar que nuestro sitio web funcione correctamente. Algunas caracter\u00edsticas del sitio pueden perderse y es posible que no pueda ver algunos sitios web. Adem\u00e1s, rechazar las cookies no significa que no vea anuncios; simplemente los anuncios no se ajustar\u00e1n a sus intereses y se repetir\u00e1n con m\u00e1s frecuencia.<\/p>\n\n\n\n<p>Cada navegador tiene un m\u00e9todo diferente para adaptar la configuraci\u00f3n. Si es necesario, consulte la funci\u00f3n de ayuda del navegador para establecer la configuraci\u00f3n correcta. Para desactivar las cookies en su tel\u00e9fono m\u00f3vil, consulte el manual del dispositivo para obtener m\u00e1s informaci\u00f3n.<\/p>\n\n\n\n<p>Puede obtener m\u00e1s informaci\u00f3n sobre las cookies en l\u00ednea en el enlace, https:\/\/www.aboutcookies.org\/<\/p>\n\n\n\n<p>Teniendo en cuenta el funcionamiento de Internet y los sitios web, no siempre tenemos la informaci\u00f3n de las cookies colocadas por terceros a trav\u00e9s de nuestro sitio web. Esto implica especialmente casos en los que nuestro sitio web contiene lo que se llama elementos integrados: textos, documentos, im\u00e1genes o v\u00eddeos cortos que se almacenan en otro lugar, pero que se muestran en nuestro sitio web o a trav\u00e9s de \u00e9l.<\/p>\n\n\n\n<p>En consecuencia, en el caso de que este tipo de cookies se encuentren en este sitio web y no aparezcan en la lista anterior, le rogamos que nos informe. O p\u00f3ngase en contacto directamente con el tercero para solicitarle informaci\u00f3n sobre las cookies que realiza, el prop\u00f3sito y la duraci\u00f3n de las cookies, y c\u00f3mo ha garantizado su privacidad.<\/p>\n","protected":false},"excerpt":{"rendered":"<p>De conformidad con la normativa espa\u00f1ola que regula el uso de cookies en relaci\u00f3n con la prestaci\u00f3n de servicios de comunicaciones electr\u00f3nicas, contenida en el Real Decreto-Ley 13\/2012, de 30 de marzo, le informamos sobre las cookies utilizadas en el sitio webdel INDERACH y el motivo de su uso. Sin embargo, le informamos que al [&hellip;]<\/p>\n","protected":false},"author":1,"featured_media":0,"parent":0,"menu_order":0,"comment_status":"closed","ping_status":"closed","template":"","meta":{"_monsterinsights_skip_tracking":false,"_monsterinsights_sitenote_active":false,"_monsterinsights_sitenote_note":"","_monsterinsights_sitenote_category":0,"footnotes":""},"class_list":["post-372","page","type-page","status-publish","hentry"],"_links":{"self":[{"href":"https:\/\/www.inderach.com\/cast\/wp-json\/wp\/v2\/pages\/372","targetHints":{"allow":["GET"]}}],"collection":[{"href":"https:\/\/www.inderach.com\/cast\/wp-json\/wp\/v2\/pages"}],"about":[{"href":"https:\/\/www.inderach.com\/cast\/wp-json\/wp\/v2\/types\/page"}],"author":[{"embeddable":true,"href":"https:\/\/www.inderach.com\/cast\/wp-json\/wp\/v2\/users\/1"}],"replies":[{"embeddable":true,"href":"https:\/\/www.inderach.com\/cast\/wp-json\/wp\/v2\/comments?post=372"}],"version-history":[{"count":6,"href":"https:\/\/www.inderach.com\/cast\/wp-json\/wp\/v2\/pages\/372\/revisions"}],"predecessor-version":[{"id":467,"href":"https:\/\/www.inderach.com\/cast\/wp-json\/wp\/v2\/pages\/372\/revisions\/467"}],"wp:attachment":[{"href":"https:\/\/www.inderach.com\/cast\/wp-json\/wp\/v2\/media?parent=372"}],"curies":[{"name":"wp","href":"https:\/\/api.w.org\/{rel}","templated":true}]}}