{"id":253,"date":"2020-10-20T11:50:08","date_gmt":"2020-10-20T09:50:08","guid":{"rendered":"https:\/\/www.inderach.com\/?page_id=253"},"modified":"2023-08-28T07:16:55","modified_gmt":"2023-08-28T05:16:55","slug":"els-nostres-formats","status":"publish","type":"page","link":"https:\/\/www.inderach.com\/cast\/els-nostres-formats\/","title":{"rendered":"Nuestros formatos"},"content":{"rendered":"\n<hr class=\"wp-block-separator\"\/>\n\n\n\n<div class=\"wp-block-media-text alignwide has-media-on-the-right is-stacked-on-mobile\" style=\"grid-template-columns:auto 34%\"><figure class=\"wp-block-media-text__media\"><img loading=\"lazy\" decoding=\"async\" width=\"1024\" height=\"1024\" src=\"https:\/\/www.inderach.com\/wp-content\/uploads\/2020\/10\/Formats_llenties-1024x1024.jpg\" alt=\"\" class=\"wp-image-255 size-full\" srcset=\"https:\/\/www.inderach.com\/wp-content\/uploads\/2020\/10\/Formats_llenties-1024x1024.jpg 1024w, https:\/\/www.inderach.com\/wp-content\/uploads\/2020\/10\/Formats_llenties-300x300.jpg 300w, https:\/\/www.inderach.com\/wp-content\/uploads\/2020\/10\/Formats_llenties-150x150.jpg 150w, https:\/\/www.inderach.com\/wp-content\/uploads\/2020\/10\/Formats_llenties-768x768.jpg 768w, https:\/\/www.inderach.com\/wp-content\/uploads\/2020\/10\/Formats_llenties-1536x1536.jpg 1536w, https:\/\/www.inderach.com\/wp-content\/uploads\/2020\/10\/Formats_llenties-2048x2048.jpg 2048w, https:\/\/www.inderach.com\/wp-content\/uploads\/2020\/10\/Formats_llenties-1200x1200.jpg 1200w, https:\/\/www.inderach.com\/wp-content\/uploads\/2020\/10\/Formats_llenties-1980x1980.jpg 1980w\" sizes=\"auto, (max-width: 1024px) 100vw, 1024px\" \/><\/figure><div class=\"wp-block-media-text__content\">\n<h2 class=\"wp-block-heading\" id=\"legumbre-cocida-refrigerada\">Legumbre cocida refrigerada<\/h2>\n\n\n\n<p class=\"has-normal-font-size\">Legumbre cocida refrigerada&nbsp;en packaging transparente termosellado&nbsp;de&nbsp;250g, 400g, 500g, 1kg, 2,5kg y 4,5kg.<\/p>\n\n\n\n<div class=\"wp-block-buttons is-layout-flex wp-block-buttons-is-layout-flex\">\n<div class=\"wp-block-button\"><a class=\"wp-block-button__link has-background-color has-text-color has-background\" style=\"border-radius:50px;background:linear-gradient(135deg,rgb(67,49,36) 0%,rgb(54,150,40) 100%)\">250 g<\/a><\/div>\n\n\n\n<div class=\"wp-block-button\"><a class=\"wp-block-button__link has-background-color has-text-color has-background\" style=\"border-radius:50px;background:linear-gradient(135deg,rgb(67,49,36) 0%,rgb(54,150,40) 100%)\">400 g<\/a><\/div>\n\n\n\n<div class=\"wp-block-button\"><a class=\"wp-block-button__link has-background-color has-text-color has-background\" style=\"border-radius:50px;background:linear-gradient(135deg,rgb(67,49,36) 0%,rgb(54,150,40) 100%)\">500 g<\/a><\/div>\n\n\n\n<div class=\"wp-block-button\"><a class=\"wp-block-button__link has-background-color has-text-color has-background\" style=\"border-radius:50px;background:linear-gradient(135deg,rgb(67,49,36) 0%,rgb(54,150,40) 100%)\">1 kg<\/a><\/div>\n\n\n\n<div class=\"wp-block-button\"><a class=\"wp-block-button__link has-background-color has-text-color has-background\" style=\"border-radius:50px;background:linear-gradient(135deg,rgb(67,49,36) 0%,rgb(54,150,40) 100%)\">2,5 kg<\/a><\/div>\n\n\n\n<div class=\"wp-block-button\"><a class=\"wp-block-button__link has-background-color has-text-color has-background\" style=\"border-radius:50px;background:linear-gradient(135deg,rgb(67,49,36) 0%,rgb(54,150,40) 100%)\">4,5 kg<\/a><\/div>\n<\/div>\n<\/div><\/div>\n\n\n\n<div class=\"wp-block-media-text alignwide has-media-on-the-right is-stacked-on-mobile\" style=\"grid-template-columns:auto 34%\"><figure class=\"wp-block-media-text__media\"><img loading=\"lazy\" decoding=\"async\" width=\"948\" height=\"1024\" src=\"https:\/\/www.inderach.com\/wp-content\/uploads\/2020\/06\/MongetaPinta_01-1-948x1024.jpg\" alt=\"\" class=\"wp-image-139 size-full\" srcset=\"https:\/\/www.inderach.com\/wp-content\/uploads\/2020\/06\/MongetaPinta_01-1-948x1024.jpg 948w, https:\/\/www.inderach.com\/wp-content\/uploads\/2020\/06\/MongetaPinta_01-1-278x300.jpg 278w, https:\/\/www.inderach.com\/wp-content\/uploads\/2020\/06\/MongetaPinta_01-1-768x830.jpg 768w, https:\/\/www.inderach.com\/wp-content\/uploads\/2020\/06\/MongetaPinta_01-1-1422x1536.jpg 1422w, https:\/\/www.inderach.com\/wp-content\/uploads\/2020\/06\/MongetaPinta_01-1-1896x2048.jpg 1896w, https:\/\/www.inderach.com\/wp-content\/uploads\/2020\/06\/MongetaPinta_01-1-1200x1296.jpg 1200w, https:\/\/www.inderach.com\/wp-content\/uploads\/2020\/06\/MongetaPinta_01-1-1980x2139.jpg 1980w\" sizes=\"auto, (max-width: 948px) 100vw, 948px\" \/><\/figure><div class=\"wp-block-media-text__content\">\n<h2 class=\"wp-block-heading\" id=\"legumbre-cocida-congelada\">Legumbre cocida congelada<\/h2>\n\n\n\n<p class=\"has-normal-font-size\">Legumbre cocida y congelada,&nbsp;envasada&nbsp;en bolsas de 1kg y 2kg. La congelaci\u00f3n de los alimentos&nbsp;<strong>pr\u00e1cticamente no provoca p\u00e9rdidas de nutrientes<\/strong>.<\/p>\n\n\n\n<div class=\"wp-block-buttons is-layout-flex wp-block-buttons-is-layout-flex\">\n<div class=\"wp-block-button\"><a class=\"wp-block-button__link has-background-color has-text-color has-background\" style=\"border-radius:50px;background:linear-gradient(135deg,rgb(67,49,36) 0%,rgb(54,150,40) 100%)\">1 kg<\/a><\/div>\n\n\n\n<div class=\"wp-block-button\"><a class=\"wp-block-button__link has-background-color has-text-color has-background\" style=\"border-radius:50px;background:linear-gradient(135deg,rgb(67,49,36) 0%,rgb(54,150,40) 100%)\">2 kg<\/a><\/div>\n<\/div>\n<\/div><\/div>\n\n\n\n<div class=\"wp-block-group\"><div class=\"wp-block-group__inner-container is-layout-flow wp-block-group-is-layout-flow\">\n<blockquote class=\"wp-block-quote has-text-align-center is-style-large is-layout-flow wp-block-quote-is-layout-flow\"><p>Envasamos y distribuimos en formatos que facilitan la conservaci\u00f3n, preparaci\u00f3n y consumo de los legumbres seg\u00fan los nuevos c\u00e1nones de la sociedad y teniendo en cuenta toda la cadena de distribuci\u00f3n: HORECA, distribuci\u00f3n de alimentaci\u00f3n y consumo.<\/p><\/blockquote>\n<\/div><\/div>\n\n\n\n<figure class=\"wp-block-table is-style-stripes\"><table><thead><tr><th><\/th><th><\/th><th><\/th><th><\/th><\/tr><\/thead><tbody><tr><td><strong>Producto<\/strong><\/td><td><strong>Refrigerado<\/strong><\/td><td><strong>Congelado<\/strong><\/td><td><strong>M\u00e1s info<\/strong><\/td><\/tr><tr><td><strong>Garbanzo<\/strong><\/td><td>Si<\/td><td>Si<\/td><td><a href=\"https:\/\/www.inderach.com\/cast\/2020\/10\/19\/cigro\/\">Link<\/a><\/td><\/tr><tr><td><strong>Garbanzo pedrosillano<\/strong><\/td><td>Si<\/td><td>Si<\/td><td><a href=\"https:\/\/www.inderach.com\/cast\/2020\/10\/20\/cigro-pedrosillano\/\">Link<\/a><\/td><\/tr><tr><td><strong>Garbanzo ecol\u00f3gico<\/strong><\/td><td>Si<\/td><td>Si<\/td><td><a href=\"https:\/\/www.inderach.com\/cast\/2020\/10\/20\/cigro-ecologic\/\">Link<\/a><\/td><\/tr><tr><td><strong>Base Pok\u00e9: Garbanzo<\/strong><\/td><td>Si<\/td><td>Si<\/td><td><a href=\"https:\/\/www.inderach.com\/cast\/2022\/10\/05\/basepoke-cigrons\/\">Link<\/a><\/td><\/tr><tr><td><strong>Ensalada de garbanzos<\/strong><\/td><td>&#8211;<\/td><td>Si<\/td><td><a href=\"https:\/\/www.inderach.com\/cast\/2023\/08\/02\/ensalada-de-cigrons\/\">Link<\/a><\/td><\/tr><tr><td><strong>Lenteja negra beluga \/ caviar<\/strong><\/td><td>Si<\/td><td>Si<\/td><td><a href=\"https:\/\/www.inderach.com\/cast\/2020\/10\/20\/llentia-negra-beluga-caviar\/\">Link<\/a><\/td><\/tr><tr><td><strong>Lenteja castellana<\/strong><\/td><td>Si<\/td><td>Si<\/td><td><a href=\"https:\/\/www.inderach.com\/cast\/2020\/10\/21\/llentia-castellana\/\">Link<\/a><\/td><\/tr><tr><td><strong>Lenteja pardina<\/strong><\/td><td>Si<\/td><td>Si<\/td><td><a href=\"https:\/\/www.inderach.com\/cast\/2020\/10\/21\/llentia-pardina\/\">Link<\/a><\/td><\/tr><tr><td><strong>Lenteja amarilla<\/strong><\/td><td>&#8211;<\/td><td>Si<\/td><td><a href=\"https:\/\/www.inderach.com\/cast\/2020\/10\/21\/llentia-groga\/\">Link<\/a><\/td><\/tr><tr><td><strong>Arroz y lentejas<\/strong><\/td><td>Si<\/td><td>&#8211;<\/td><td><a href=\"https:\/\/www.inderach.com\/cast\/2020\/10\/21\/arros-i-llenties\/\">Link<\/a><\/td><\/tr><tr><td><strong>Ensalada de arroz y lentejas y verduras<\/strong><\/td><td>&#8211;<\/td><td>Si<\/td><td><a href=\"https:\/\/www.inderach.com\/cast\/2023\/01\/22\/amanida-arros-llenties\/\">Link<\/a><\/td><\/tr><tr><td><strong>Ensalada de lentejas<\/strong><\/td><td>&#8211;<\/td><td>Si<\/td><td><a href=\"https:\/\/www.inderach.com\/cast\/2023\/08\/02\/amanida-de-llenties\/\">Link<\/a><\/td><\/tr><tr><td><strong>Jud\u00eda pinta<\/strong><\/td><td>&#8211;<\/td><td>Si<\/td><td><a href=\"https:\/\/www.inderach.com\/cast\/2020\/10\/21\/mongeta-pinta\/\">Link<\/a><\/td><\/tr><tr><td><strong>Jud\u00eda carilla<\/strong><\/td><td>Si<\/td><td>&#8211;<\/td><td><a href=\"https:\/\/www.inderach.com\/cast\/2020\/10\/21\/mongeta-ull-negre\/\">Link<\/a><\/td><\/tr><tr><td><strong>Jud\u00eda negra<\/strong><\/td><td>&#8211;<\/td><td>Si<\/td><td><a href=\"https:\/\/www.inderach.com\/cast\/2020\/10\/21\/mongeta-negra\/\">Link<\/a><\/td><\/tr><tr><td><strong>Jud\u00eda Michigan<\/strong><\/td><td>Si<\/td><td>Si<\/td><td><a href=\"https:\/\/www.inderach.com\/cast\/2020\/10\/21\/mongeta-mixigan\/\">Link<\/a><\/td><\/tr><tr><td><strong>Jud\u00eda Michigan ecol\u00f3gica<\/strong><\/td><td>Si<\/td><td>Si<\/td><td><a href=\"https:\/\/www.inderach.com\/cast\/2020\/10\/21\/mongeta-ecologica-mixigan\/\">Link<\/a><\/td><\/tr><tr><td><strong>Jud\u00eda Great North<\/strong><\/td><td>&#8211;<\/td><td>Si<\/td><td><a href=\"https:\/\/www.inderach.com\/cast\/2020\/10\/21\/mongeta-great-north\/\">Link<\/a><\/td><\/tr><tr><td><strong>Jud\u00eda Garrof\u00f3n<\/strong><\/td><td>&#8211;<\/td><td>Si<\/td><td><a href=\"https:\/\/www.inderach.com\/cast\/2020\/10\/21\/mongeta-garrafo\/\">Link<\/a><\/td><\/tr><tr><td><strong>Jud\u00eda con ajo y perejil<\/strong><\/td><td>Si<\/td><td>&#8211;<\/td><td><a href=\"https:\/\/www.inderach.com\/cast\/2021\/04\/19\/monge\/\">Link<\/a><\/td><\/tr><tr><td><strong>Ensalada de jud\u00edas<\/strong><\/td><td>&#8211;<\/td><td>Si<\/td><td><a href=\"https:\/\/www.inderach.com\/cast\/2023\/01\/22\/amanida-mongetes\/\">Link<\/a><\/td><\/tr><tr><td><strong>Quinoa tricolor<\/strong><\/td><td>Si<\/td><td>Si<\/td><td><a href=\"https:\/\/www.inderach.com\/cast\/quinoa-2\/\">Link<\/a><\/td><\/tr><tr><td><strong>Quinoa roja<\/strong><\/td><td>&#8211;<\/td><td>Si<\/td><td><a href=\"https:\/\/www.inderach.com\/cast2023\/08\/02\/quinoa-vermella\/\">Link<\/a><\/td><\/tr><tr><td><strong>Quinoa tricolor con verduras<\/strong><\/td><td>&#8211;<\/td><td>Si<\/td><td><a href=\"https:\/\/www.inderach.com\/cast\/2023\/01\/22\/quinoa-tricolor-verdures\/\">Link<\/a><\/td><\/tr><\/tbody><\/table><\/figure>\n","protected":false},"excerpt":{"rendered":"<p>Envasamos y distribuimos en formatos que facilitan la conservaci\u00f3n, preparaci\u00f3n y consumo de los legumbres seg\u00fan los nuevos c\u00e1nones de la sociedad y teniendo en cuenta toda la cadena de distribuci\u00f3n: HORECA, distribuci\u00f3n de alimentaci\u00f3n y consumo. Producto Refrigerado Congelado M\u00e1s info Garbanzo Si Si Link Garbanzo pedrosillano Si Si Link Garbanzo ecol\u00f3gico Si Si [&hellip;]<\/p>\n","protected":false},"author":1,"featured_media":0,"parent":0,"menu_order":0,"comment_status":"closed","ping_status":"closed","template":"","meta":{"_monsterinsights_skip_tracking":false,"_monsterinsights_sitenote_active":false,"_monsterinsights_sitenote_note":"","_monsterinsights_sitenote_category":0,"footnotes":""},"class_list":["post-253","page","type-page","status-publish","hentry"],"_links":{"self":[{"href":"https:\/\/www.inderach.com\/cast\/wp-json\/wp\/v2\/pages\/253","targetHints":{"allow":["GET"]}}],"collection":[{"href":"https:\/\/www.inderach.com\/cast\/wp-json\/wp\/v2\/pages"}],"about":[{"href":"https:\/\/www.inderach.com\/cast\/wp-json\/wp\/v2\/types\/page"}],"author":[{"embeddable":true,"href":"https:\/\/www.inderach.com\/cast\/wp-json\/wp\/v2\/users\/1"}],"replies":[{"embeddable":true,"href":"https:\/\/www.inderach.com\/cast\/wp-json\/wp\/v2\/comments?post=253"}],"version-history":[{"count":40,"href":"https:\/\/www.inderach.com\/cast\/wp-json\/wp\/v2\/pages\/253\/revisions"}],"predecessor-version":[{"id":2130,"href":"https:\/\/www.inderach.com\/cast\/wp-json\/wp\/v2\/pages\/253\/revisions\/2130"}],"wp:attachment":[{"href":"https:\/\/www.inderach.com\/cast\/wp-json\/wp\/v2\/media?parent=253"}],"curies":[{"name":"wp","href":"https:\/\/api.w.org\/{rel}","templated":true}]}}